{"id":7196,"date":"2024-07-09T22:49:09","date_gmt":"2024-07-09T22:49:09","guid":{"rendered":"https:\/\/revuepostures.uqam.ca\/?page_id=7196"},"modified":"2025-01-14T19:28:04","modified_gmt":"2025-01-14T19:28:04","slug":"numeros","status":"publish","type":"page","link":"https:\/\/revuepostures.uqam.ca\/?page_id=7196","title":{"rendered":"Num\u00e9ros"},"content":{"rendered":"<div class=\"wp-block-themeisle-blocks-posts-grid\" id=\"wp-block-themeisle-blocks-posts-grid-86481098\"><div class=\"is-list\"><div class=\"o-posts-grid-post-blog o-posts-grid-post-plain\"><div class=\"o-posts-grid-post\"><div class=\"o-posts-grid-post-image\"><a href=\"https:\/\/revuepostures.uqam.ca\/?p=9720\"><img loading=\"lazy\" decoding=\"async\" width=\"2560\" height=\"1335\" src=\"https:\/\/revuepostures.uqam.ca\/wp-content\/uploads\/2025\/12\/Screenshot-2025-12-03-at-3.19.01-PM-scaled.png\" class=\"attachment-full size-full\" alt=\"Mesures de la d\u00e9mesure\" srcset=\"https:\/\/revuepostures.uqam.ca\/wp-content\/uploads\/2025\/12\/Screenshot-2025-12-03-at-3.19.01-PM-scaled.png 2560w, https:\/\/revuepostures.uqam.ca\/wp-content\/uploads\/2025\/12\/Screenshot-2025-12-03-at-3.19.01-PM-300x156.png 300w, https:\/\/revuepostures.uqam.ca\/wp-content\/uploads\/2025\/12\/Screenshot-2025-12-03-at-3.19.01-PM-1024x534.png 1024w, https:\/\/revuepostures.uqam.ca\/wp-content\/uploads\/2025\/12\/Screenshot-2025-12-03-at-3.19.01-PM-768x400.png 768w, https:\/\/revuepostures.uqam.ca\/wp-content\/uploads\/2025\/12\/Screenshot-2025-12-03-at-3.19.01-PM-1536x801.png 1536w, https:\/\/revuepostures.uqam.ca\/wp-content\/uploads\/2025\/12\/Screenshot-2025-12-03-at-3.19.01-PM-2048x1068.png 2048w\" sizes=\"(max-width: 2560px) 100vw, 2560px\" \/><\/a><\/div><div class=\"o-posts-grid-post-body\"><h4 class=\"o-posts-grid-post-title\"><a href=\"https:\/\/revuepostures.uqam.ca\/?p=9720\">Mesures de la d\u00e9mesure<\/a><\/h4><div class=\"o-posts-grid-post-description\"><p>Automne 2025, num\u00e9ro 41<\/p><\/div><\/div><\/div><\/div><div class=\"o-posts-grid-post-blog o-posts-grid-post-plain\"><div class=\"o-posts-grid-post\"><div class=\"o-posts-grid-post-image\"><a href=\"https:\/\/revuepostures.uqam.ca\/?p=9758\"><img loading=\"lazy\" decoding=\"async\" width=\"2560\" height=\"948\" src=\"https:\/\/revuepostures.uqam.ca\/wp-content\/uploads\/2025\/11\/ciel-scaled.jpg\" class=\"attachment-full size-full\" alt=\"Actes du colloque interuniversitaire \u00e9tudiant de litt\u00e9rature (CIEL) 2025\" srcset=\"https:\/\/revuepostures.uqam.ca\/wp-content\/uploads\/2025\/11\/ciel-scaled.jpg 2560w, https:\/\/revuepostures.uqam.ca\/wp-content\/uploads\/2025\/11\/ciel-300x111.jpg 300w, https:\/\/revuepostures.uqam.ca\/wp-content\/uploads\/2025\/11\/ciel-1024x379.jpg 1024w, https:\/\/revuepostures.uqam.ca\/wp-content\/uploads\/2025\/11\/ciel-768x284.jpg 768w, https:\/\/revuepostures.uqam.ca\/wp-content\/uploads\/2025\/11\/ciel-1536x569.jpg 1536w, https:\/\/revuepostures.uqam.ca\/wp-content\/uploads\/2025\/11\/ciel-2048x758.jpg 2048w\" sizes=\"(max-width: 2560px) 100vw, 2560px\" \/><\/a><\/div><div class=\"o-posts-grid-post-body\"><h4 class=\"o-posts-grid-post-title\"><a href=\"https:\/\/revuepostures.uqam.ca\/?p=9758\">Actes du colloque interuniversitaire \u00e9tudiant de litt\u00e9rature (CIEL) 2025<\/a><\/h4><div class=\"o-posts-grid-post-description\"><p>Hors dossier 1<\/p><\/div><\/div><\/div><\/div><div class=\"o-posts-grid-post-blog o-posts-grid-post-plain\"><div class=\"o-posts-grid-post\"><div class=\"o-posts-grid-post-image\"><a href=\"https:\/\/revuepostures.uqam.ca\/?p=9797\"><img loading=\"lazy\" decoding=\"async\" width=\"512\" height=\"791\" src=\"https:\/\/revuepostures.uqam.ca\/wp-content\/uploads\/2025\/11\/JE.jpg\" class=\"attachment-full size-full\" alt=\"Actes de la journ\u00e9e d&rsquo;\u00e9tudes (JE) de l&rsquo;AECSEL (2025)\" srcset=\"https:\/\/revuepostures.uqam.ca\/wp-content\/uploads\/2025\/11\/JE.jpg 512w, https:\/\/revuepostures.uqam.ca\/wp-content\/uploads\/2025\/11\/JE-194x300.jpg 194w\" sizes=\"(max-width: 512px) 100vw, 512px\" \/><\/a><\/div><div class=\"o-posts-grid-post-body\"><h4 class=\"o-posts-grid-post-title\"><a href=\"https:\/\/revuepostures.uqam.ca\/?p=9797\">Actes de la journ\u00e9e d&rsquo;\u00e9tudes (JE) de l&rsquo;AECSEL (2025)<\/a><\/h4><div class=\"o-posts-grid-post-description\"><p>Hors dossier 2<\/p><\/div><\/div><\/div><\/div><div class=\"o-posts-grid-post-blog o-posts-grid-post-plain\"><div class=\"o-posts-grid-post\"><div class=\"o-posts-grid-post-image\"><a href=\"https:\/\/revuepostures.uqam.ca\/?p=9502\"><img loading=\"lazy\" decoding=\"async\" width=\"2560\" height=\"1005\" src=\"https:\/\/revuepostures.uqam.ca\/wp-content\/uploads\/2024\/12\/Postures_40_bannierefacebook-1-scaled.jpg\" class=\"attachment-full size-full\" alt=\"Impostures\" srcset=\"https:\/\/revuepostures.uqam.ca\/wp-content\/uploads\/2024\/12\/Postures_40_bannierefacebook-1-scaled.jpg 2560w, https:\/\/revuepostures.uqam.ca\/wp-content\/uploads\/2024\/12\/Postures_40_bannierefacebook-1-300x118.jpg 300w, https:\/\/revuepostures.uqam.ca\/wp-content\/uploads\/2024\/12\/Postures_40_bannierefacebook-1-1024x402.jpg 1024w, https:\/\/revuepostures.uqam.ca\/wp-content\/uploads\/2024\/12\/Postures_40_bannierefacebook-1-768x302.jpg 768w, https:\/\/revuepostures.uqam.ca\/wp-content\/uploads\/2024\/12\/Postures_40_bannierefacebook-1-1536x603.jpg 1536w, https:\/\/revuepostures.uqam.ca\/wp-content\/uploads\/2024\/12\/Postures_40_bannierefacebook-1-2048x804.jpg 2048w\" sizes=\"(max-width: 2560px) 100vw, 2560px\" \/><\/a><\/div><div class=\"o-posts-grid-post-body\"><h4 class=\"o-posts-grid-post-title\"><a href=\"https:\/\/revuepostures.uqam.ca\/?p=9502\">Impostures<\/a><\/h4><div class=\"o-posts-grid-post-description\"><p>Automne 2024, num\u00e9ro 40 Pour son quaranti\u00e8me num\u00e9ro, Postures se permet de jouer avec son propre nom\u2026<\/p><\/div><\/div><\/div><\/div><div class=\"o-posts-grid-post-blog o-posts-grid-post-plain\"><div class=\"o-posts-grid-post\"><div class=\"o-posts-grid-post-image\"><a href=\"https:\/\/revuepostures.uqam.ca\/?p=6910\"><img loading=\"lazy\" decoding=\"async\" width=\"1288\" height=\"490\" src=\"https:\/\/revuepostures.uqam.ca\/wp-content\/uploads\/2024\/06\/banniere.png\" class=\"attachment-full size-full\" alt=\"De la cr\u00e9ation par le verbe \u00e0 la mort de Dieu : litt\u00e9rature et spiritualit\u00e9\" srcset=\"https:\/\/revuepostures.uqam.ca\/wp-content\/uploads\/2024\/06\/banniere.png 1288w, https:\/\/revuepostures.uqam.ca\/wp-content\/uploads\/2024\/06\/banniere-300x114.png 300w, https:\/\/revuepostures.uqam.ca\/wp-content\/uploads\/2024\/06\/banniere-1024x390.png 1024w, https:\/\/revuepostures.uqam.ca\/wp-content\/uploads\/2024\/06\/banniere-768x292.png 768w\" sizes=\"(max-width: 1288px) 100vw, 1288px\" \/><\/a><\/div><div class=\"o-posts-grid-post-body\"><h4 class=\"o-posts-grid-post-title\"><a href=\"https:\/\/revuepostures.uqam.ca\/?p=6910\">De la cr\u00e9ation par le verbe \u00e0 la mort de Dieu : litt\u00e9rature et spiritualit\u00e9<\/a><\/h4><div class=\"o-posts-grid-post-description\"><p>Hiver 2024, Num\u00e9ro 39<\/p><\/div><\/div><\/div><\/div><div class=\"o-posts-grid-post-blog o-posts-grid-post-plain\"><div class=\"o-posts-grid-post\"><div class=\"o-posts-grid-post-image\"><a href=\"https:\/\/revuepostures.uqam.ca\/?p=6908\"><img loading=\"lazy\" decoding=\"async\" width=\"2560\" height=\"1212\" src=\"https:\/\/revuepostures.uqam.ca\/wp-content\/uploads\/2024\/06\/postures38_banniereinternet2_page-0001-scaled.jpg\" class=\"attachment-full size-full\" alt=\"Bribes : la litt\u00e9rature en fragments\" srcset=\"https:\/\/revuepostures.uqam.ca\/wp-content\/uploads\/2024\/06\/postures38_banniereinternet2_page-0001-scaled.jpg 2560w, https:\/\/revuepostures.uqam.ca\/wp-content\/uploads\/2024\/06\/postures38_banniereinternet2_page-0001-300x142.jpg 300w, https:\/\/revuepostures.uqam.ca\/wp-content\/uploads\/2024\/06\/postures38_banniereinternet2_page-0001-1024x485.jpg 1024w, https:\/\/revuepostures.uqam.ca\/wp-content\/uploads\/2024\/06\/postures38_banniereinternet2_page-0001-768x364.jpg 768w, https:\/\/revuepostures.uqam.ca\/wp-content\/uploads\/2024\/06\/postures38_banniereinternet2_page-0001-1536x727.jpg 1536w, https:\/\/revuepostures.uqam.ca\/wp-content\/uploads\/2024\/06\/postures38_banniereinternet2_page-0001-2048x970.jpg 2048w\" sizes=\"(max-width: 2560px) 100vw, 2560px\" \/><\/a><\/div><div class=\"o-posts-grid-post-body\"><h4 class=\"o-posts-grid-post-title\"><a href=\"https:\/\/revuepostures.uqam.ca\/?p=6908\">Bribes : la litt\u00e9rature en fragments<\/a><\/h4><div class=\"o-posts-grid-post-description\"><p>Automne 2023, num\u00e9ro 38<\/p><\/div><\/div><\/div><\/div><div class=\"o-posts-grid-post-blog o-posts-grid-post-plain\"><div class=\"o-posts-grid-post\"><div class=\"o-posts-grid-post-image\"><a href=\"https:\/\/revuepostures.uqam.ca\/?p=6909\"><img loading=\"lazy\" decoding=\"async\" width=\"1480\" height=\"700\" src=\"https:\/\/revuepostures.uqam.ca\/wp-content\/uploads\/2024\/06\/banniere_site_internet.jpeg\" class=\"attachment-full size-full\" alt=\"Anamn\u00e8se : oubli et oubli\u00e9\u00b7e\u00b7s en litt\u00e9rature\" srcset=\"https:\/\/revuepostures.uqam.ca\/wp-content\/uploads\/2024\/06\/banniere_site_internet.jpeg 1480w, https:\/\/revuepostures.uqam.ca\/wp-content\/uploads\/2024\/06\/banniere_site_internet-300x142.jpeg 300w, https:\/\/revuepostures.uqam.ca\/wp-content\/uploads\/2024\/06\/banniere_site_internet-1024x484.jpeg 1024w, https:\/\/revuepostures.uqam.ca\/wp-content\/uploads\/2024\/06\/banniere_site_internet-768x363.jpeg 768w\" sizes=\"(max-width: 1480px) 100vw, 1480px\" \/><\/a><\/div><div class=\"o-posts-grid-post-body\"><h4 class=\"o-posts-grid-post-title\"><a href=\"https:\/\/revuepostures.uqam.ca\/?p=6909\">Anamn\u00e8se : oubli et oubli\u00e9\u00b7e\u00b7s en litt\u00e9rature<\/a><\/h4><div class=\"o-posts-grid-post-description\"><p>Hiver 2023, Num\u00e9ro 37<\/p><\/div><\/div><\/div><\/div><div class=\"o-posts-grid-post-blog o-posts-grid-post-plain\"><div class=\"o-posts-grid-post\"><div class=\"o-posts-grid-post-image\"><a href=\"https:\/\/revuepostures.uqam.ca\/?p=6906\"><img loading=\"lazy\" decoding=\"async\" width=\"1480\" height=\"700\" src=\"https:\/\/revuepostures.uqam.ca\/wp-content\/uploads\/2024\/06\/no_36_banniere_1480x700.jpg\" class=\"attachment-full size-full\" alt=\"De l&rsquo;\u00e9tude du vivant : la litt\u00e9rature au prisme des \u00e9cologies\" srcset=\"https:\/\/revuepostures.uqam.ca\/wp-content\/uploads\/2024\/06\/no_36_banniere_1480x700.jpg 1480w, https:\/\/revuepostures.uqam.ca\/wp-content\/uploads\/2024\/06\/no_36_banniere_1480x700-300x142.jpg 300w, https:\/\/revuepostures.uqam.ca\/wp-content\/uploads\/2024\/06\/no_36_banniere_1480x700-1024x484.jpg 1024w, https:\/\/revuepostures.uqam.ca\/wp-content\/uploads\/2024\/06\/no_36_banniere_1480x700-768x363.jpg 768w\" sizes=\"(max-width: 1480px) 100vw, 1480px\" \/><\/a><\/div><div class=\"o-posts-grid-post-body\"><h4 class=\"o-posts-grid-post-title\"><a href=\"https:\/\/revuepostures.uqam.ca\/?p=6906\">De l&rsquo;\u00e9tude du vivant : la litt\u00e9rature au prisme des \u00e9cologies<\/a><\/h4><div class=\"o-posts-grid-post-description\"><p>Automne 2022, Num\u00e9ro 36<\/p><\/div><\/div><\/div><\/div><div class=\"o-posts-grid-post-blog o-posts-grid-post-plain\"><div class=\"o-posts-grid-post\"><div class=\"o-posts-grid-post-image\"><a href=\"https:\/\/revuepostures.uqam.ca\/?p=6907\"><img loading=\"lazy\" decoding=\"async\" width=\"1480\" height=\"700\" src=\"https:\/\/revuepostures.uqam.ca\/wp-content\/uploads\/2024\/06\/posture35_banniere1480x700.jpg\" class=\"attachment-full size-full\" alt=\"Litt\u00e9rature et mouvements sociaux \/ 25 ans de Postures\" srcset=\"https:\/\/revuepostures.uqam.ca\/wp-content\/uploads\/2024\/06\/posture35_banniere1480x700.jpg 1480w, https:\/\/revuepostures.uqam.ca\/wp-content\/uploads\/2024\/06\/posture35_banniere1480x700-300x142.jpg 300w, https:\/\/revuepostures.uqam.ca\/wp-content\/uploads\/2024\/06\/posture35_banniere1480x700-1024x484.jpg 1024w, https:\/\/revuepostures.uqam.ca\/wp-content\/uploads\/2024\/06\/posture35_banniere1480x700-768x363.jpg 768w\" sizes=\"(max-width: 1480px) 100vw, 1480px\" \/><\/a><\/div><div class=\"o-posts-grid-post-body\"><h4 class=\"o-posts-grid-post-title\"><a href=\"https:\/\/revuepostures.uqam.ca\/?p=6907\">Litt\u00e9rature et mouvements sociaux \/ 25 ans de Postures<\/a><\/h4><div class=\"o-posts-grid-post-description\"><p>Hiver 2022, Num\u00e9ro 35<\/p><\/div><\/div><\/div><\/div><div class=\"o-posts-grid-post-blog o-posts-grid-post-plain\"><div class=\"o-posts-grid-post\"><div class=\"o-posts-grid-post-image\"><a href=\"https:\/\/revuepostures.uqam.ca\/?p=6903\"><img loading=\"lazy\" decoding=\"async\" width=\"1480\" height=\"700\" src=\"https:\/\/revuepostures.uqam.ca\/wp-content\/uploads\/2024\/06\/banniere1480x700_1.png\" class=\"attachment-full size-full\" alt=\"Depuis que le monde est monde : st\u00e9r\u00e9otypie et clich\u00e9s litt\u00e9raires\" srcset=\"https:\/\/revuepostures.uqam.ca\/wp-content\/uploads\/2024\/06\/banniere1480x700_1.png 1480w, https:\/\/revuepostures.uqam.ca\/wp-content\/uploads\/2024\/06\/banniere1480x700_1-300x142.png 300w, https:\/\/revuepostures.uqam.ca\/wp-content\/uploads\/2024\/06\/banniere1480x700_1-1024x484.png 1024w, https:\/\/revuepostures.uqam.ca\/wp-content\/uploads\/2024\/06\/banniere1480x700_1-768x363.png 768w\" sizes=\"(max-width: 1480px) 100vw, 1480px\" \/><\/a><\/div><div class=\"o-posts-grid-post-body\"><h4 class=\"o-posts-grid-post-title\"><a href=\"https:\/\/revuepostures.uqam.ca\/?p=6903\">Depuis que le monde est monde : st\u00e9r\u00e9otypie et clich\u00e9s litt\u00e9raires<\/a><\/h4><div class=\"o-posts-grid-post-description\"><p>Automne 2021, Num\u00e9ro 34<\/p><\/div><\/div><\/div><\/div><\/div> <div class=\"o-posts-grid-pag\"><span aria-current=\"page\" class=\"page-numbers current\">1<\/span>\n<a class=\"page-numbers\" href=\"https:\/\/revuepostures.uqam.ca\/index.php\/?paged=2&#038;rest_route=%2Fwp%2Fv2%2Fpages%2F7196\">2<\/a>\n<a class=\"page-numbers\" href=\"https:\/\/revuepostures.uqam.ca\/index.php\/?paged=3&#038;rest_route=%2Fwp%2Fv2%2Fpages%2F7196\">3<\/a>\n<span class=\"page-numbers dots\">\u2026<\/span>\n<a class=\"page-numbers\" href=\"https:\/\/revuepostures.uqam.ca\/index.php\/?paged=5&#038;rest_route=%2Fwp%2Fv2%2Fpages%2F7196\">5<\/a>\n<a class=\"next page-numbers\" href=\"https:\/\/revuepostures.uqam.ca\/index.php\/?paged=2&#038;rest_route=%2Fwp%2Fv2%2Fpages%2F7196\">Next<\/a><\/div><\/div>","protected":false},"excerpt":{"rendered":"","protected":false},"author":4,"featured_media":0,"parent":0,"menu_order":0,"comment_status":"closed","ping_status":"closed","template":"","meta":{"_coblocks_attr":"","_coblocks_dimensions":"","_coblocks_responsive_height":"","_coblocks_accordion_ie_support":"","_themeisle_gutenberg_block_has_review":false,"footnotes":""},"class_list":["post-7196","page","type-page","status-publish","hentry"],"_links":{"self":[{"href":"https:\/\/revuepostures.uqam.ca\/index.php?rest_route=\/wp\/v2\/pages\/7196","targetHints":{"allow":["GET"]}}],"collection":[{"href":"https:\/\/revuepostures.uqam.ca\/index.php?rest_route=\/wp\/v2\/pages"}],"about":[{"href":"https:\/\/revuepostures.uqam.ca\/index.php?rest_route=\/wp\/v2\/types\/page"}],"author":[{"embeddable":true,"href":"https:\/\/revuepostures.uqam.ca\/index.php?rest_route=\/wp\/v2\/users\/4"}],"replies":[{"embeddable":true,"href":"https:\/\/revuepostures.uqam.ca\/index.php?rest_route=%2Fwp%2Fv2%2Fcomments&post=7196"}],"version-history":[{"count":6,"href":"https:\/\/revuepostures.uqam.ca\/index.php?rest_route=\/wp\/v2\/pages\/7196\/revisions"}],"predecessor-version":[{"id":9702,"href":"https:\/\/revuepostures.uqam.ca\/index.php?rest_route=\/wp\/v2\/pages\/7196\/revisions\/9702"}],"wp:attachment":[{"href":"https:\/\/revuepostures.uqam.ca\/index.php?rest_route=%2Fwp%2Fv2%2Fmedia&parent=7196"}],"curies":[{"name":"wp","href":"https:\/\/api.w.org\/{rel}","templated":true}]}}