{"id":7207,"date":"2024-07-09T23:01:28","date_gmt":"2024-07-09T23:01:28","guid":{"rendered":"https:\/\/revuepostures.uqam.ca\/?page_id=7207"},"modified":"2026-03-06T21:46:06","modified_gmt":"2026-03-06T21:46:06","slug":"appels-de-textes","status":"publish","type":"page","link":"https:\/\/revuepostures.uqam.ca\/?page_id=7207","title":{"rendered":"Appels de textes"},"content":{"rendered":"<h3><a href=\"https:\/\/revuepostures.uqam.ca\/?p=10058\">\u00c0 para\u00eetre&#8230;<\/a><\/h3>\n\n\n<p>Le th\u00e8me du prochain num\u00e9ro de la revue sera annonc\u00e9 en septembre 2026.<\/p>\n\n\n\n<p><\/p>\n","protected":false},"excerpt":{"rendered":"<p>\u00c0 para\u00eetre&#8230; Le th\u00e8me du prochain num\u00e9ro de la revue sera annonc\u00e9 en septembre 2026.<\/p>\n","protected":false},"author":4,"featured_media":0,"parent":0,"menu_order":0,"comment_status":"closed","ping_status":"closed","template":"","meta":{"_coblocks_attr":"","_coblocks_dimensions":"","_coblocks_responsive_height":"","_coblocks_accordion_ie_support":"","_themeisle_gutenberg_block_has_review":false,"footnotes":""},"class_list":["post-7207","page","type-page","status-publish","hentry"],"_links":{"self":[{"href":"https:\/\/revuepostures.uqam.ca\/index.php?rest_route=\/wp\/v2\/pages\/7207","targetHints":{"allow":["GET"]}}],"collection":[{"href":"https:\/\/revuepostures.uqam.ca\/index.php?rest_route=\/wp\/v2\/pages"}],"about":[{"href":"https:\/\/revuepostures.uqam.ca\/index.php?rest_route=\/wp\/v2\/types\/page"}],"author":[{"embeddable":true,"href":"https:\/\/revuepostures.uqam.ca\/index.php?rest_route=\/wp\/v2\/users\/4"}],"replies":[{"embeddable":true,"href":"https:\/\/revuepostures.uqam.ca\/index.php?rest_route=%2Fwp%2Fv2%2Fcomments&post=7207"}],"version-history":[{"count":2,"href":"https:\/\/revuepostures.uqam.ca\/index.php?rest_route=\/wp\/v2\/pages\/7207\/revisions"}],"predecessor-version":[{"id":10082,"href":"https:\/\/revuepostures.uqam.ca\/index.php?rest_route=\/wp\/v2\/pages\/7207\/revisions\/10082"}],"wp:attachment":[{"href":"https:\/\/revuepostures.uqam.ca\/index.php?rest_route=%2Fwp%2Fv2%2Fmedia&parent=7207"}],"curies":[{"name":"wp","href":"https:\/\/api.w.org\/{rel}","templated":true}]}}